{"id":166,"date":"2025-12-18T18:13:12","date_gmt":"2025-12-18T18:13:12","guid":{"rendered":"https:\/\/maquinanp7a.newlong.com.br\/?page_id=166"},"modified":"2025-12-18T18:13:14","modified_gmt":"2025-12-18T18:13:14","slug":"como-escolher-uma-maquina-de-costurar-sacos-industrial","status":"publish","type":"page","link":"https:\/\/maquinadesacariasautomaticads9c.newlong.com.br\/index.php\/como-escolher-uma-maquina-de-costurar-sacos-industrial\/","title":{"rendered":"Como escolher uma m\u00e1quina de costurar sacos industrial"},"content":{"rendered":"\n<p style=\"font-size:25px\">Saber como escolher uma m\u00e1quina de costurar sacos industrial \u00e9 um passo essencial para garantir o melhor desempenho na linha de produ\u00e7\u00e3o. O primeiro fator a ser avaliado ao analisar como escolher uma m\u00e1quina de costurar sacos industrial \u00e9 o volume di\u00e1rio de sacos a serem fechados, pois isso define a necessidade de velocidade e robustez do equipamento.<\/p>\n\n\n\n<p style=\"font-size:25px\">Outro ponto importante sobre como escolher uma m\u00e1quina de costurar sacos industrial \u00e9 considerar o tipo de material da sacaria, como papel, pl\u00e1stico ou r\u00e1fia. Cada material exige caracter\u00edsticas espec\u00edficas de costura, e entender como escolher uma m\u00e1quina de costurar sacos industrial ajuda a evitar incompatibilidades e falhas no processo.<\/p>\n\n\n\n<p style=\"font-size:25px\">Al\u00e9m disso, ao estudar como escolher uma m\u00e1quina de costurar sacos industrial, \u00e9 fundamental avaliar a facilidade de manuten\u00e7\u00e3o, durabilidade e disponibilidade de pe\u00e7as. Uma boa escolha garante menor tempo de parada, maior vida \u00fatil do equipamento e melhor custo-benef\u00edcio ao longo do tempo.<\/p>\n\n\n\n<figure class=\"wp-block-image size-large\"><img fetchpriority=\"high\" decoding=\"async\" width=\"1024\" height=\"691\" src=\"https:\/\/maquinanp7a.newlong.com.br\/wp-content\/uploads\/2025\/12\/23-1024x691.png\" alt=\"\" class=\"wp-image-73\" srcset=\"https:\/\/maquinadesacariasautomaticads9c.newlong.com.br\/wp-content\/uploads\/2025\/12\/23-1024x691.png 1024w, https:\/\/maquinadesacariasautomaticads9c.newlong.com.br\/wp-content\/uploads\/2025\/12\/23-300x203.png 300w, https:\/\/maquinadesacariasautomaticads9c.newlong.com.br\/wp-content\/uploads\/2025\/12\/23-768x518.png 768w, https:\/\/maquinadesacariasautomaticads9c.newlong.com.br\/wp-content\/uploads\/2025\/12\/23-1536x1037.png 1536w, https:\/\/maquinadesacariasautomaticads9c.newlong.com.br\/wp-content\/uploads\/2025\/12\/23.png 2000w\" sizes=\"(max-width: 1024px) 100vw, 1024px\" \/><\/figure>\n","protected":false},"excerpt":{"rendered":"<p>Saber como escolher uma m\u00e1quina de costurar sacos industrial \u00e9 um passo essencial para garantir o melhor desempenho na linha de produ\u00e7\u00e3o. O primeiro fator a ser avaliado ao analisar como escolher uma m\u00e1quina de costurar sacos industrial \u00e9 o volume di\u00e1rio de sacos a serem fechados, pois isso define a necessidade de velocidade e [&hellip;]<\/p>\n","protected":false},"author":1,"featured_media":0,"parent":0,"menu_order":0,"comment_status":"closed","ping_status":"closed","template":"","meta":{"footnotes":""},"class_list":["post-166","page","type-page","status-publish","hentry"],"_links":{"self":[{"href":"https:\/\/maquinadesacariasautomaticads9c.newlong.com.br\/index.php\/wp-json\/wp\/v2\/pages\/166","targetHints":{"allow":["GET"]}}],"collection":[{"href":"https:\/\/maquinadesacariasautomaticads9c.newlong.com.br\/index.php\/wp-json\/wp\/v2\/pages"}],"about":[{"href":"https:\/\/maquinadesacariasautomaticads9c.newlong.com.br\/index.php\/wp-json\/wp\/v2\/types\/page"}],"author":[{"embeddable":true,"href":"https:\/\/maquinadesacariasautomaticads9c.newlong.com.br\/index.php\/wp-json\/wp\/v2\/users\/1"}],"replies":[{"embeddable":true,"href":"https:\/\/maquinadesacariasautomaticads9c.newlong.com.br\/index.php\/wp-json\/wp\/v2\/comments?post=166"}],"version-history":[{"count":1,"href":"https:\/\/maquinadesacariasautomaticads9c.newlong.com.br\/index.php\/wp-json\/wp\/v2\/pages\/166\/revisions"}],"predecessor-version":[{"id":167,"href":"https:\/\/maquinadesacariasautomaticads9c.newlong.com.br\/index.php\/wp-json\/wp\/v2\/pages\/166\/revisions\/167"}],"wp:attachment":[{"href":"https:\/\/maquinadesacariasautomaticads9c.newlong.com.br\/index.php\/wp-json\/wp\/v2\/media?parent=166"}],"curies":[{"name":"wp","href":"https:\/\/api.w.org\/{rel}","templated":true}]}}