{"id":164,"date":"2025-12-18T18:11:49","date_gmt":"2025-12-18T18:11:49","guid":{"rendered":"https:\/\/maquinanp7a.newlong.com.br\/?page_id=164"},"modified":"2025-12-18T18:11:51","modified_gmt":"2025-12-18T18:11:51","slug":"maquina-fechamento-de-boca-de-sacos-de-plastico","status":"publish","type":"page","link":"https:\/\/maquinadesacariasautomaticads9c.newlong.com.br\/index.php\/maquina-fechamento-de-boca-de-sacos-de-plastico\/","title":{"rendered":"M\u00e1quina fechamento de boca de sacos de pl\u00e1stico"},"content":{"rendered":"\n<p style=\"font-size:25px\">A m\u00e1quina fechamento de boca de sacos de pl\u00e1stico \u00e9 indicada para ind\u00fastrias que utilizam embalagens flex\u00edveis em seus processos. Esse tipo de m\u00e1quina garante um fechamento firme e uniforme, mesmo em materiais mais leves e escorregadios. A m\u00e1quina fechamento de boca de sacos de pl\u00e1stico \u00e9 amplamente utilizada em embalagens de produtos aliment\u00edcios, qu\u00edmicos e industriais.<\/p>\n\n\n\n<p style=\"font-size:25px\">Um dos principais benef\u00edcios da m\u00e1quina fechamento de boca de sacos de pl\u00e1stico \u00e9 sua capacidade de adapta\u00e7\u00e3o a diferentes espessuras e tipos de pl\u00e1stico. Isso permite maior versatilidade na linha de produ\u00e7\u00e3o, sem comprometer a qualidade da costura. A m\u00e1quina fechamento de boca de sacos de pl\u00e1stico oferece acabamento profissional e maior resist\u00eancia ao transporte.<\/p>\n\n\n\n<p style=\"font-size:25px\">Al\u00e9m disso, a m\u00e1quina fechamento de boca de sacos de pl\u00e1stico reduz falhas humanas no fechamento manual, aumentando a produtividade e a seguran\u00e7a. Utilizar uma m\u00e1quina fechamento de boca de sacos de pl\u00e1stico adequada garante efici\u00eancia operacional e maior confiabilidade no empacotamento.<\/p>\n\n\n\n<figure class=\"wp-block-image size-large\"><img fetchpriority=\"high\" decoding=\"async\" width=\"1024\" height=\"691\" src=\"https:\/\/maquinanp7a.newlong.com.br\/wp-content\/uploads\/2025\/12\/24-1024x691.png\" alt=\"\" class=\"wp-image-74\" srcset=\"https:\/\/maquinadesacariasautomaticads9c.newlong.com.br\/wp-content\/uploads\/2025\/12\/24-1024x691.png 1024w, https:\/\/maquinadesacariasautomaticads9c.newlong.com.br\/wp-content\/uploads\/2025\/12\/24-300x203.png 300w, https:\/\/maquinadesacariasautomaticads9c.newlong.com.br\/wp-content\/uploads\/2025\/12\/24-768x518.png 768w, https:\/\/maquinadesacariasautomaticads9c.newlong.com.br\/wp-content\/uploads\/2025\/12\/24-1536x1037.png 1536w, https:\/\/maquinadesacariasautomaticads9c.newlong.com.br\/wp-content\/uploads\/2025\/12\/24.png 2000w\" sizes=\"(max-width: 1024px) 100vw, 1024px\" \/><\/figure>\n","protected":false},"excerpt":{"rendered":"<p>A m\u00e1quina fechamento de boca de sacos de pl\u00e1stico \u00e9 indicada para ind\u00fastrias que utilizam embalagens flex\u00edveis em seus processos. Esse tipo de m\u00e1quina garante um fechamento firme e uniforme, mesmo em materiais mais leves e escorregadios. A m\u00e1quina fechamento de boca de sacos de pl\u00e1stico \u00e9 amplamente utilizada em embalagens de produtos aliment\u00edcios, qu\u00edmicos [&hellip;]<\/p>\n","protected":false},"author":1,"featured_media":0,"parent":0,"menu_order":0,"comment_status":"closed","ping_status":"closed","template":"","meta":{"footnotes":""},"class_list":["post-164","page","type-page","status-publish","hentry"],"_links":{"self":[{"href":"https:\/\/maquinadesacariasautomaticads9c.newlong.com.br\/index.php\/wp-json\/wp\/v2\/pages\/164","targetHints":{"allow":["GET"]}}],"collection":[{"href":"https:\/\/maquinadesacariasautomaticads9c.newlong.com.br\/index.php\/wp-json\/wp\/v2\/pages"}],"about":[{"href":"https:\/\/maquinadesacariasautomaticads9c.newlong.com.br\/index.php\/wp-json\/wp\/v2\/types\/page"}],"author":[{"embeddable":true,"href":"https:\/\/maquinadesacariasautomaticads9c.newlong.com.br\/index.php\/wp-json\/wp\/v2\/users\/1"}],"replies":[{"embeddable":true,"href":"https:\/\/maquinadesacariasautomaticads9c.newlong.com.br\/index.php\/wp-json\/wp\/v2\/comments?post=164"}],"version-history":[{"count":1,"href":"https:\/\/maquinadesacariasautomaticads9c.newlong.com.br\/index.php\/wp-json\/wp\/v2\/pages\/164\/revisions"}],"predecessor-version":[{"id":165,"href":"https:\/\/maquinadesacariasautomaticads9c.newlong.com.br\/index.php\/wp-json\/wp\/v2\/pages\/164\/revisions\/165"}],"wp:attachment":[{"href":"https:\/\/maquinadesacariasautomaticads9c.newlong.com.br\/index.php\/wp-json\/wp\/v2\/media?parent=164"}],"curies":[{"name":"wp","href":"https:\/\/api.w.org\/{rel}","templated":true}]}}