{"id":162,"date":"2025-12-18T18:10:16","date_gmt":"2025-12-18T18:10:16","guid":{"rendered":"https:\/\/maquinanp7a.newlong.com.br\/?page_id=162"},"modified":"2025-12-18T18:10:18","modified_gmt":"2025-12-18T18:10:18","slug":"maquina-costura-sacos-de-graos-e-fertilizantes","status":"publish","type":"page","link":"https:\/\/maquinadesacariasautomaticads9c.newlong.com.br\/index.php\/maquina-costura-sacos-de-graos-e-fertilizantes\/","title":{"rendered":"M\u00e1quina costura sacos de gr\u00e3os e fertilizantes"},"content":{"rendered":"\n<p style=\"font-size:25px\">A m\u00e1quina costura sacos de gr\u00e3os e fertilizantes \u00e9 essencial para garantir o fechamento seguro de embalagens pesadas e com alto valor agregado. Esse equipamento \u00e9 projetado para lidar com materiais abrasivos e volumes elevados, mantendo a integridade da costura. A m\u00e1quina costura sacos de gr\u00e3os e fertilizantes evita vazamentos que podem gerar preju\u00edzos financeiros.<\/p>\n\n\n\n<p style=\"font-size:25px\">No setor agr\u00edcola e qu\u00edmico, a m\u00e1quina costura sacos de gr\u00e3os e fertilizantes \u00e9 amplamente utilizada em silos, cooperativas e ind\u00fastrias de insumos. Sua precis\u00e3o no ponto e resist\u00eancia estrutural permitem opera\u00e7\u00f5es cont\u00ednuas sem comprometer a qualidade do fechamento. Isso torna a m\u00e1quina costura sacos de gr\u00e3os e fertilizantes uma aliada estrat\u00e9gica da produ\u00e7\u00e3o.<\/p>\n\n\n\n<p style=\"font-size:25px\">Al\u00e9m disso, a m\u00e1quina costura sacos de gr\u00e3os e fertilizantes contribui para a seguran\u00e7a no transporte e armazenamento, evitando perdas durante o manuseio. Investir em uma m\u00e1quina costura sacos de gr\u00e3os e fertilizantes adequada \u00e9 fundamental para quem busca efici\u00eancia, padroniza\u00e7\u00e3o e redu\u00e7\u00e3o de desperd\u00edcios.<\/p>\n\n\n\n<figure class=\"wp-block-image size-large\"><img fetchpriority=\"high\" decoding=\"async\" width=\"1024\" height=\"691\" src=\"https:\/\/maquinanp7a.newlong.com.br\/wp-content\/uploads\/2025\/12\/27-1024x691.png\" alt=\"\" class=\"wp-image-77\" srcset=\"https:\/\/maquinadesacariasautomaticads9c.newlong.com.br\/wp-content\/uploads\/2025\/12\/27-1024x691.png 1024w, https:\/\/maquinadesacariasautomaticads9c.newlong.com.br\/wp-content\/uploads\/2025\/12\/27-300x203.png 300w, https:\/\/maquinadesacariasautomaticads9c.newlong.com.br\/wp-content\/uploads\/2025\/12\/27-768x518.png 768w, https:\/\/maquinadesacariasautomaticads9c.newlong.com.br\/wp-content\/uploads\/2025\/12\/27-1536x1037.png 1536w, https:\/\/maquinadesacariasautomaticads9c.newlong.com.br\/wp-content\/uploads\/2025\/12\/27.png 2000w\" sizes=\"(max-width: 1024px) 100vw, 1024px\" \/><\/figure>\n","protected":false},"excerpt":{"rendered":"<p>A m\u00e1quina costura sacos de gr\u00e3os e fertilizantes \u00e9 essencial para garantir o fechamento seguro de embalagens pesadas e com alto valor agregado. Esse equipamento \u00e9 projetado para lidar com materiais abrasivos e volumes elevados, mantendo a integridade da costura. A m\u00e1quina costura sacos de gr\u00e3os e fertilizantes evita vazamentos que podem gerar preju\u00edzos financeiros. [&hellip;]<\/p>\n","protected":false},"author":1,"featured_media":0,"parent":0,"menu_order":0,"comment_status":"closed","ping_status":"closed","template":"","meta":{"footnotes":""},"class_list":["post-162","page","type-page","status-publish","hentry"],"_links":{"self":[{"href":"https:\/\/maquinadesacariasautomaticads9c.newlong.com.br\/index.php\/wp-json\/wp\/v2\/pages\/162","targetHints":{"allow":["GET"]}}],"collection":[{"href":"https:\/\/maquinadesacariasautomaticads9c.newlong.com.br\/index.php\/wp-json\/wp\/v2\/pages"}],"about":[{"href":"https:\/\/maquinadesacariasautomaticads9c.newlong.com.br\/index.php\/wp-json\/wp\/v2\/types\/page"}],"author":[{"embeddable":true,"href":"https:\/\/maquinadesacariasautomaticads9c.newlong.com.br\/index.php\/wp-json\/wp\/v2\/users\/1"}],"replies":[{"embeddable":true,"href":"https:\/\/maquinadesacariasautomaticads9c.newlong.com.br\/index.php\/wp-json\/wp\/v2\/comments?post=162"}],"version-history":[{"count":1,"href":"https:\/\/maquinadesacariasautomaticads9c.newlong.com.br\/index.php\/wp-json\/wp\/v2\/pages\/162\/revisions"}],"predecessor-version":[{"id":163,"href":"https:\/\/maquinadesacariasautomaticads9c.newlong.com.br\/index.php\/wp-json\/wp\/v2\/pages\/162\/revisions\/163"}],"wp:attachment":[{"href":"https:\/\/maquinadesacariasautomaticads9c.newlong.com.br\/index.php\/wp-json\/wp\/v2\/media?parent=162"}],"curies":[{"name":"wp","href":"https:\/\/api.w.org\/{rel}","templated":true}]}}