{"id":160,"date":"2025-12-18T18:08:15","date_gmt":"2025-12-18T18:08:15","guid":{"rendered":"https:\/\/maquinanp7a.newlong.com.br\/?page_id=160"},"modified":"2025-12-18T18:08:17","modified_gmt":"2025-12-18T18:08:17","slug":"maquina-de-costurar-sacos-para-industria-agropecuaria","status":"publish","type":"page","link":"https:\/\/maquinadesacariasautomaticads9c.newlong.com.br\/index.php\/maquina-de-costurar-sacos-para-industria-agropecuaria\/","title":{"rendered":"M\u00e1quina de costurar sacos para ind\u00fastria agropecu\u00e1ria"},"content":{"rendered":"\n<p style=\"font-size:25px\">A m\u00e1quina de costurar sacos para ind\u00fastria agropecu\u00e1ria \u00e9 desenvolvida para atender \u00e0s necessidades espec\u00edficas do setor agr\u00edcola. Ela \u00e9 utilizada no fechamento de sacos que armazenam gr\u00e3os, sementes, ra\u00e7\u00f5es, fertilizantes e outros insumos essenciais. A m\u00e1quina de costurar sacos para ind\u00fastria agropecu\u00e1ria garante veda\u00e7\u00e3o firme e resistente, protegendo o conte\u00fado contra perdas e contamina\u00e7\u00f5es.<\/p>\n\n\n\n<p style=\"font-size:25px\">No dia a dia do campo e dos armaz\u00e9ns, a m\u00e1quina de costurar sacos para ind\u00fastria agropecu\u00e1ria precisa suportar ambientes exigentes, poeira, umidade e longas jornadas de trabalho. Por isso, esse tipo de equipamento \u00e9 fabricado com componentes robustos e de alta durabilidade, assegurando desempenho constante.<\/p>\n\n\n\n<p style=\"font-size:25px\">Outro benef\u00edcio da m\u00e1quina de costurar sacos para ind\u00fastria agropecu\u00e1ria \u00e9 a padroniza\u00e7\u00e3o do fechamento, o que facilita o empilhamento e o transporte dos sacos. Utilizar uma m\u00e1quina de costurar sacos para ind\u00fastria agropecu\u00e1ria adequada melhora a efici\u00eancia log\u00edstica e aumenta a confiabilidade do processo produtivo.<\/p>\n\n\n\n<figure class=\"wp-block-image size-large\"><img fetchpriority=\"high\" decoding=\"async\" width=\"1024\" height=\"691\" src=\"https:\/\/maquinanp7a.newlong.com.br\/wp-content\/uploads\/2025\/12\/27-1024x691.png\" alt=\"\" class=\"wp-image-77\" srcset=\"https:\/\/maquinadesacariasautomaticads9c.newlong.com.br\/wp-content\/uploads\/2025\/12\/27-1024x691.png 1024w, https:\/\/maquinadesacariasautomaticads9c.newlong.com.br\/wp-content\/uploads\/2025\/12\/27-300x203.png 300w, https:\/\/maquinadesacariasautomaticads9c.newlong.com.br\/wp-content\/uploads\/2025\/12\/27-768x518.png 768w, https:\/\/maquinadesacariasautomaticads9c.newlong.com.br\/wp-content\/uploads\/2025\/12\/27-1536x1037.png 1536w, https:\/\/maquinadesacariasautomaticads9c.newlong.com.br\/wp-content\/uploads\/2025\/12\/27.png 2000w\" sizes=\"(max-width: 1024px) 100vw, 1024px\" \/><\/figure>\n","protected":false},"excerpt":{"rendered":"<p>A m\u00e1quina de costurar sacos para ind\u00fastria agropecu\u00e1ria \u00e9 desenvolvida para atender \u00e0s necessidades espec\u00edficas do setor agr\u00edcola. Ela \u00e9 utilizada no fechamento de sacos que armazenam gr\u00e3os, sementes, ra\u00e7\u00f5es, fertilizantes e outros insumos essenciais. A m\u00e1quina de costurar sacos para ind\u00fastria agropecu\u00e1ria garante veda\u00e7\u00e3o firme e resistente, protegendo o conte\u00fado contra perdas e contamina\u00e7\u00f5es. [&hellip;]<\/p>\n","protected":false},"author":1,"featured_media":0,"parent":0,"menu_order":0,"comment_status":"closed","ping_status":"closed","template":"","meta":{"footnotes":""},"class_list":["post-160","page","type-page","status-publish","hentry"],"_links":{"self":[{"href":"https:\/\/maquinadesacariasautomaticads9c.newlong.com.br\/index.php\/wp-json\/wp\/v2\/pages\/160","targetHints":{"allow":["GET"]}}],"collection":[{"href":"https:\/\/maquinadesacariasautomaticads9c.newlong.com.br\/index.php\/wp-json\/wp\/v2\/pages"}],"about":[{"href":"https:\/\/maquinadesacariasautomaticads9c.newlong.com.br\/index.php\/wp-json\/wp\/v2\/types\/page"}],"author":[{"embeddable":true,"href":"https:\/\/maquinadesacariasautomaticads9c.newlong.com.br\/index.php\/wp-json\/wp\/v2\/users\/1"}],"replies":[{"embeddable":true,"href":"https:\/\/maquinadesacariasautomaticads9c.newlong.com.br\/index.php\/wp-json\/wp\/v2\/comments?post=160"}],"version-history":[{"count":1,"href":"https:\/\/maquinadesacariasautomaticads9c.newlong.com.br\/index.php\/wp-json\/wp\/v2\/pages\/160\/revisions"}],"predecessor-version":[{"id":161,"href":"https:\/\/maquinadesacariasautomaticads9c.newlong.com.br\/index.php\/wp-json\/wp\/v2\/pages\/160\/revisions\/161"}],"wp:attachment":[{"href":"https:\/\/maquinadesacariasautomaticads9c.newlong.com.br\/index.php\/wp-json\/wp\/v2\/media?parent=160"}],"curies":[{"name":"wp","href":"https:\/\/api.w.org\/{rel}","templated":true}]}}