{"id":158,"date":"2025-12-18T18:06:26","date_gmt":"2025-12-18T18:06:26","guid":{"rendered":"https:\/\/maquinanp7a.newlong.com.br\/?page_id=158"},"modified":"2025-12-18T18:06:29","modified_gmt":"2025-12-18T18:06:29","slug":"maquina-para-costurar-saco-de-alta-velocidade","status":"publish","type":"page","link":"https:\/\/maquinadesacariasautomaticads9c.newlong.com.br\/index.php\/maquina-para-costurar-saco-de-alta-velocidade\/","title":{"rendered":"M\u00e1quina para costurar saco de alta velocidade"},"content":{"rendered":"\n<p style=\"font-size:25px\">A m\u00e1quina costurar saco alta velocidade \u00e9 indicada para opera\u00e7\u00f5es que exigem grande ritmo de produ\u00e7\u00e3o e efici\u00eancia m\u00e1xima. Esse tipo de equipamento \u00e9 projetado para costurar centenas de sacos por hora, mantendo a qualidade do ponto mesmo em ciclos intensos de trabalho. A m\u00e1quina costurar saco alta velocidade \u00e9 ideal para linhas de produ\u00e7\u00e3o que n\u00e3o podem sofrer interrup\u00e7\u00f5es.<\/p>\n\n\n\n<p style=\"font-size:25px\">Um dos grandes diferenciais da m\u00e1quina costurar saco alta velocidade \u00e9 sua estabilidade durante o funcionamento cont\u00ednuo. Mesmo em longos per\u00edodos de uso, a costura permanece uniforme e resistente, reduzindo falhas no fechamento da sacaria. Isso faz com que a m\u00e1quina costurar saco alta velocidade seja amplamente utilizada em ind\u00fastrias de grande porte.<\/p>\n\n\n\n<p style=\"font-size:25px\">Al\u00e9m disso, a m\u00e1quina costurar saco alta velocidade contribui para o aumento da competitividade da empresa, pois permite atender grandes demandas em menos tempo. Ao adotar uma m\u00e1quina costurar saco alta velocidade, o neg\u00f3cio ganha produtividade, reduz custos com m\u00e3o de obra manual e melhora o desempenho operacional.<\/p>\n\n\n\n<figure class=\"wp-block-image size-large\"><img fetchpriority=\"high\" decoding=\"async\" width=\"1024\" height=\"691\" src=\"https:\/\/maquinanp7a.newlong.com.br\/wp-content\/uploads\/2025\/12\/23-1024x691.png\" alt=\"\" class=\"wp-image-73\" srcset=\"https:\/\/maquinadesacariasautomaticads9c.newlong.com.br\/wp-content\/uploads\/2025\/12\/23-1024x691.png 1024w, https:\/\/maquinadesacariasautomaticads9c.newlong.com.br\/wp-content\/uploads\/2025\/12\/23-300x203.png 300w, https:\/\/maquinadesacariasautomaticads9c.newlong.com.br\/wp-content\/uploads\/2025\/12\/23-768x518.png 768w, https:\/\/maquinadesacariasautomaticads9c.newlong.com.br\/wp-content\/uploads\/2025\/12\/23-1536x1037.png 1536w, https:\/\/maquinadesacariasautomaticads9c.newlong.com.br\/wp-content\/uploads\/2025\/12\/23.png 2000w\" sizes=\"(max-width: 1024px) 100vw, 1024px\" \/><\/figure>\n","protected":false},"excerpt":{"rendered":"<p>A m\u00e1quina costurar saco alta velocidade \u00e9 indicada para opera\u00e7\u00f5es que exigem grande ritmo de produ\u00e7\u00e3o e efici\u00eancia m\u00e1xima. Esse tipo de equipamento \u00e9 projetado para costurar centenas de sacos por hora, mantendo a qualidade do ponto mesmo em ciclos intensos de trabalho. A m\u00e1quina costurar saco alta velocidade \u00e9 ideal para linhas de produ\u00e7\u00e3o [&hellip;]<\/p>\n","protected":false},"author":1,"featured_media":0,"parent":0,"menu_order":0,"comment_status":"closed","ping_status":"closed","template":"","meta":{"footnotes":""},"class_list":["post-158","page","type-page","status-publish","hentry"],"_links":{"self":[{"href":"https:\/\/maquinadesacariasautomaticads9c.newlong.com.br\/index.php\/wp-json\/wp\/v2\/pages\/158","targetHints":{"allow":["GET"]}}],"collection":[{"href":"https:\/\/maquinadesacariasautomaticads9c.newlong.com.br\/index.php\/wp-json\/wp\/v2\/pages"}],"about":[{"href":"https:\/\/maquinadesacariasautomaticads9c.newlong.com.br\/index.php\/wp-json\/wp\/v2\/types\/page"}],"author":[{"embeddable":true,"href":"https:\/\/maquinadesacariasautomaticads9c.newlong.com.br\/index.php\/wp-json\/wp\/v2\/users\/1"}],"replies":[{"embeddable":true,"href":"https:\/\/maquinadesacariasautomaticads9c.newlong.com.br\/index.php\/wp-json\/wp\/v2\/comments?post=158"}],"version-history":[{"count":1,"href":"https:\/\/maquinadesacariasautomaticads9c.newlong.com.br\/index.php\/wp-json\/wp\/v2\/pages\/158\/revisions"}],"predecessor-version":[{"id":159,"href":"https:\/\/maquinadesacariasautomaticads9c.newlong.com.br\/index.php\/wp-json\/wp\/v2\/pages\/158\/revisions\/159"}],"wp:attachment":[{"href":"https:\/\/maquinadesacariasautomaticads9c.newlong.com.br\/index.php\/wp-json\/wp\/v2\/media?parent=158"}],"curies":[{"name":"wp","href":"https:\/\/api.w.org\/{rel}","templated":true}]}}