{"id":149,"date":"2025-12-15T18:05:59","date_gmt":"2025-12-15T18:05:59","guid":{"rendered":"https:\/\/maquinanp7a.newlong.com.br\/?page_id=149"},"modified":"2025-12-15T18:06:01","modified_gmt":"2025-12-15T18:06:01","slug":"maquina-de-costura-industrial-para-sacaria-newlong","status":"publish","type":"page","link":"https:\/\/maquinadesacariasautomaticads9c.newlong.com.br\/index.php\/maquina-de-costura-industrial-para-sacaria-newlong\/","title":{"rendered":"M\u00e1quina de costura industrial para sacaria NEWLONG"},"content":{"rendered":"\n<p style=\"font-size:25px\">A <strong>m\u00e1quina de costura industrial para sacaria NEWLONG<\/strong> \u00e9 reconhecida mundialmente pela robustez e precis\u00e3o no fechamento de embalagens. A <strong>m\u00e1quina de costura industrial para sacaria NEWLONG<\/strong> \u00e9 projetada para uso intenso, oferecendo costura resistente e opera\u00e7\u00e3o est\u00e1vel.<\/p>\n\n\n\n<p style=\"font-size:25px\">A <strong>m\u00e1quina de costura industrial para sacaria NEWLONG<\/strong> atende setores como agroneg\u00f3cio, ind\u00fastria aliment\u00edcia e processos industriais diversos. Com a <strong>m\u00e1quina de costura industrial para sacaria NEWLONG<\/strong>, o fechamento dos sacos ocorre de forma padronizada, segura e eficiente.<\/p>\n\n\n\n<p style=\"font-size:25px\">Investir em uma <strong>m\u00e1quina de costura industrial para sacaria NEWLONG<\/strong> \u00e9 garantir tecnologia japonesa, alta durabilidade e excelente desempenho, elevando o n\u00edvel de qualidade do empacotamento industrial.<\/p>\n\n\n\n<figure class=\"wp-block-image size-large\"><img fetchpriority=\"high\" decoding=\"async\" width=\"819\" height=\"1024\" src=\"https:\/\/maquinanp7a.newlong.com.br\/wp-content\/uploads\/2025\/12\/28-819x1024.webp\" alt=\"\" class=\"wp-image-95\" srcset=\"https:\/\/maquinadesacariasautomaticads9c.newlong.com.br\/wp-content\/uploads\/2025\/12\/28-819x1024.webp 819w, https:\/\/maquinadesacariasautomaticads9c.newlong.com.br\/wp-content\/uploads\/2025\/12\/28-240x300.webp 240w, https:\/\/maquinadesacariasautomaticads9c.newlong.com.br\/wp-content\/uploads\/2025\/12\/28-768x960.webp 768w, https:\/\/maquinadesacariasautomaticads9c.newlong.com.br\/wp-content\/uploads\/2025\/12\/28.webp 1080w\" sizes=\"(max-width: 819px) 100vw, 819px\" \/><\/figure>\n","protected":false},"excerpt":{"rendered":"<p>A m\u00e1quina de costura industrial para sacaria NEWLONG \u00e9 reconhecida mundialmente pela robustez e precis\u00e3o no fechamento de embalagens. A m\u00e1quina de costura industrial para sacaria NEWLONG \u00e9 projetada para uso intenso, oferecendo costura resistente e opera\u00e7\u00e3o est\u00e1vel. A m\u00e1quina de costura industrial para sacaria NEWLONG atende setores como agroneg\u00f3cio, ind\u00fastria aliment\u00edcia e processos industriais [&hellip;]<\/p>\n","protected":false},"author":1,"featured_media":0,"parent":0,"menu_order":0,"comment_status":"closed","ping_status":"closed","template":"","meta":{"footnotes":""},"class_list":["post-149","page","type-page","status-publish","hentry"],"_links":{"self":[{"href":"https:\/\/maquinadesacariasautomaticads9c.newlong.com.br\/index.php\/wp-json\/wp\/v2\/pages\/149","targetHints":{"allow":["GET"]}}],"collection":[{"href":"https:\/\/maquinadesacariasautomaticads9c.newlong.com.br\/index.php\/wp-json\/wp\/v2\/pages"}],"about":[{"href":"https:\/\/maquinadesacariasautomaticads9c.newlong.com.br\/index.php\/wp-json\/wp\/v2\/types\/page"}],"author":[{"embeddable":true,"href":"https:\/\/maquinadesacariasautomaticads9c.newlong.com.br\/index.php\/wp-json\/wp\/v2\/users\/1"}],"replies":[{"embeddable":true,"href":"https:\/\/maquinadesacariasautomaticads9c.newlong.com.br\/index.php\/wp-json\/wp\/v2\/comments?post=149"}],"version-history":[{"count":1,"href":"https:\/\/maquinadesacariasautomaticads9c.newlong.com.br\/index.php\/wp-json\/wp\/v2\/pages\/149\/revisions"}],"predecessor-version":[{"id":150,"href":"https:\/\/maquinadesacariasautomaticads9c.newlong.com.br\/index.php\/wp-json\/wp\/v2\/pages\/149\/revisions\/150"}],"wp:attachment":[{"href":"https:\/\/maquinadesacariasautomaticads9c.newlong.com.br\/index.php\/wp-json\/wp\/v2\/media?parent=149"}],"curies":[{"name":"wp","href":"https:\/\/api.w.org\/{rel}","templated":true}]}}