{"id":147,"date":"2025-12-15T18:04:47","date_gmt":"2025-12-15T18:04:47","guid":{"rendered":"https:\/\/maquinanp7a.newlong.com.br\/?page_id=147"},"modified":"2025-12-15T18:04:49","modified_gmt":"2025-12-15T18:04:49","slug":"equipamento-para-fechamento-de-sacos-newlong","status":"publish","type":"page","link":"https:\/\/maquinadesacariasautomaticads9c.newlong.com.br\/index.php\/equipamento-para-fechamento-de-sacos-newlong\/","title":{"rendered":"Equipamento para fechamento de sacos NEWLONG"},"content":{"rendered":"\n<p>O <strong>equipamento para fechamento de sacos NEWLONG<\/strong> \u00e9 desenvolvido para empresas que exigem m\u00e1xima efici\u00eancia no empacotamento industrial. Um <strong>equipamento para fechamento de sacos NEWLONG<\/strong> oferece costura firme, fechamento uniforme e alto padr\u00e3o de qualidade.<\/p>\n\n\n\n<p>O <strong>equipamento para fechamento de sacos NEWLONG<\/strong> \u00e9 utilizado por ind\u00fastrias aliment\u00edcias, agr\u00edcolas, qu\u00edmicas e log\u00edsticas que buscam seguran\u00e7a e desempenho no fechamento de sacaria. Com o <strong>equipamento para fechamento de sacos NEWLONG<\/strong>, o risco de vazamentos, rasgos e retrabalho \u00e9 significativamente reduzido.<\/p>\n\n\n\n<p>Escolher um <strong>equipamento para fechamento de sacos NEWLONG<\/strong> significa investir em tecnologia confi\u00e1vel, longa vida \u00fatil e produtividade constante na linha de empacotamento.<\/p>\n\n\n\n<figure class=\"wp-block-image size-large\"><img fetchpriority=\"high\" decoding=\"async\" width=\"1024\" height=\"691\" src=\"https:\/\/maquinanp7a.newlong.com.br\/wp-content\/uploads\/2025\/12\/24-1024x691.png\" alt=\"\" class=\"wp-image-74\" srcset=\"https:\/\/maquinadesacariasautomaticads9c.newlong.com.br\/wp-content\/uploads\/2025\/12\/24-1024x691.png 1024w, https:\/\/maquinadesacariasautomaticads9c.newlong.com.br\/wp-content\/uploads\/2025\/12\/24-300x203.png 300w, https:\/\/maquinadesacariasautomaticads9c.newlong.com.br\/wp-content\/uploads\/2025\/12\/24-768x518.png 768w, https:\/\/maquinadesacariasautomaticads9c.newlong.com.br\/wp-content\/uploads\/2025\/12\/24-1536x1037.png 1536w, https:\/\/maquinadesacariasautomaticads9c.newlong.com.br\/wp-content\/uploads\/2025\/12\/24.png 2000w\" sizes=\"(max-width: 1024px) 100vw, 1024px\" \/><\/figure>\n","protected":false},"excerpt":{"rendered":"<p>O equipamento para fechamento de sacos NEWLONG \u00e9 desenvolvido para empresas que exigem m\u00e1xima efici\u00eancia no empacotamento industrial. Um equipamento para fechamento de sacos NEWLONG oferece costura firme, fechamento uniforme e alto padr\u00e3o de qualidade. O equipamento para fechamento de sacos NEWLONG \u00e9 utilizado por ind\u00fastrias aliment\u00edcias, agr\u00edcolas, qu\u00edmicas e log\u00edsticas que buscam seguran\u00e7a e [&hellip;]<\/p>\n","protected":false},"author":1,"featured_media":0,"parent":0,"menu_order":0,"comment_status":"closed","ping_status":"closed","template":"","meta":{"footnotes":""},"class_list":["post-147","page","type-page","status-publish","hentry"],"_links":{"self":[{"href":"https:\/\/maquinadesacariasautomaticads9c.newlong.com.br\/index.php\/wp-json\/wp\/v2\/pages\/147","targetHints":{"allow":["GET"]}}],"collection":[{"href":"https:\/\/maquinadesacariasautomaticads9c.newlong.com.br\/index.php\/wp-json\/wp\/v2\/pages"}],"about":[{"href":"https:\/\/maquinadesacariasautomaticads9c.newlong.com.br\/index.php\/wp-json\/wp\/v2\/types\/page"}],"author":[{"embeddable":true,"href":"https:\/\/maquinadesacariasautomaticads9c.newlong.com.br\/index.php\/wp-json\/wp\/v2\/users\/1"}],"replies":[{"embeddable":true,"href":"https:\/\/maquinadesacariasautomaticads9c.newlong.com.br\/index.php\/wp-json\/wp\/v2\/comments?post=147"}],"version-history":[{"count":1,"href":"https:\/\/maquinadesacariasautomaticads9c.newlong.com.br\/index.php\/wp-json\/wp\/v2\/pages\/147\/revisions"}],"predecessor-version":[{"id":148,"href":"https:\/\/maquinadesacariasautomaticads9c.newlong.com.br\/index.php\/wp-json\/wp\/v2\/pages\/147\/revisions\/148"}],"wp:attachment":[{"href":"https:\/\/maquinadesacariasautomaticads9c.newlong.com.br\/index.php\/wp-json\/wp\/v2\/media?parent=147"}],"curies":[{"name":"wp","href":"https:\/\/api.w.org\/{rel}","templated":true}]}}