{"id":145,"date":"2025-12-15T18:02:44","date_gmt":"2025-12-15T18:02:44","guid":{"rendered":"https:\/\/maquinanp7a.newlong.com.br\/?page_id=145"},"modified":"2025-12-15T18:02:46","modified_gmt":"2025-12-15T18:02:46","slug":"maquina-industrial-para-sacos","status":"publish","type":"page","link":"https:\/\/maquinadesacariasautomaticads9c.newlong.com.br\/index.php\/maquina-industrial-para-sacos\/","title":{"rendered":"M\u00e1quina industrial para sacos"},"content":{"rendered":"\n<p style=\"font-size:25px\">A <strong>m\u00e1quina industrial para sacos NEWLONG<\/strong> \u00e9 refer\u00eancia mundial quando o assunto \u00e9 fechamento de sacaria industrial com alto desempenho. Utilizar uma <strong>m\u00e1quina industrial para sacos NEWLONG<\/strong> garante costura resistente, padroniza\u00e7\u00e3o e confiabilidade mesmo em opera\u00e7\u00f5es cont\u00ednuas e de grande volume.<\/p>\n\n\n\n<p style=\"font-size:25px\">A <strong>m\u00e1quina industrial para sacos NEWLONG<\/strong> \u00e9 amplamente utilizada no agroneg\u00f3cio, na ind\u00fastria aliment\u00edcia, no setor qu\u00edmico e em centros de empacotamento. Com a <strong>m\u00e1quina industrial para sacos NEWLONG<\/strong>, o fechamento de sacos de r\u00e1fia, papel, juta ou pl\u00e1stico se torna mais seguro, r\u00e1pido e eficiente.<\/p>\n\n\n\n<p style=\"font-size:25px\">Investir em uma <strong>m\u00e1quina industrial para sacos NEWLONG<\/strong> \u00e9 apostar em tecnologia japonesa, durabilidade e redu\u00e7\u00e3o de falhas no processo produtivo, assegurando um acabamento profissional em todas as embalagens.<\/p>\n\n\n\n<figure class=\"wp-block-image size-large\"><img fetchpriority=\"high\" decoding=\"async\" width=\"1024\" height=\"691\" src=\"https:\/\/maquinanp7a.newlong.com.br\/wp-content\/uploads\/2025\/12\/26-1024x691.png\" alt=\"\" class=\"wp-image-76\" srcset=\"https:\/\/maquinadesacariasautomaticads9c.newlong.com.br\/wp-content\/uploads\/2025\/12\/26-1024x691.png 1024w, https:\/\/maquinadesacariasautomaticads9c.newlong.com.br\/wp-content\/uploads\/2025\/12\/26-300x203.png 300w, https:\/\/maquinadesacariasautomaticads9c.newlong.com.br\/wp-content\/uploads\/2025\/12\/26-768x518.png 768w, https:\/\/maquinadesacariasautomaticads9c.newlong.com.br\/wp-content\/uploads\/2025\/12\/26-1536x1037.png 1536w, https:\/\/maquinadesacariasautomaticads9c.newlong.com.br\/wp-content\/uploads\/2025\/12\/26.png 2000w\" sizes=\"(max-width: 1024px) 100vw, 1024px\" \/><\/figure>\n","protected":false},"excerpt":{"rendered":"<p>A m\u00e1quina industrial para sacos NEWLONG \u00e9 refer\u00eancia mundial quando o assunto \u00e9 fechamento de sacaria industrial com alto desempenho. Utilizar uma m\u00e1quina industrial para sacos NEWLONG garante costura resistente, padroniza\u00e7\u00e3o e confiabilidade mesmo em opera\u00e7\u00f5es cont\u00ednuas e de grande volume. A m\u00e1quina industrial para sacos NEWLONG \u00e9 amplamente utilizada no agroneg\u00f3cio, na ind\u00fastria aliment\u00edcia, [&hellip;]<\/p>\n","protected":false},"author":1,"featured_media":0,"parent":0,"menu_order":0,"comment_status":"closed","ping_status":"closed","template":"","meta":{"footnotes":""},"class_list":["post-145","page","type-page","status-publish","hentry"],"_links":{"self":[{"href":"https:\/\/maquinadesacariasautomaticads9c.newlong.com.br\/index.php\/wp-json\/wp\/v2\/pages\/145","targetHints":{"allow":["GET"]}}],"collection":[{"href":"https:\/\/maquinadesacariasautomaticads9c.newlong.com.br\/index.php\/wp-json\/wp\/v2\/pages"}],"about":[{"href":"https:\/\/maquinadesacariasautomaticads9c.newlong.com.br\/index.php\/wp-json\/wp\/v2\/types\/page"}],"author":[{"embeddable":true,"href":"https:\/\/maquinadesacariasautomaticads9c.newlong.com.br\/index.php\/wp-json\/wp\/v2\/users\/1"}],"replies":[{"embeddable":true,"href":"https:\/\/maquinadesacariasautomaticads9c.newlong.com.br\/index.php\/wp-json\/wp\/v2\/comments?post=145"}],"version-history":[{"count":1,"href":"https:\/\/maquinadesacariasautomaticads9c.newlong.com.br\/index.php\/wp-json\/wp\/v2\/pages\/145\/revisions"}],"predecessor-version":[{"id":146,"href":"https:\/\/maquinadesacariasautomaticads9c.newlong.com.br\/index.php\/wp-json\/wp\/v2\/pages\/145\/revisions\/146"}],"wp:attachment":[{"href":"https:\/\/maquinadesacariasautomaticads9c.newlong.com.br\/index.php\/wp-json\/wp\/v2\/media?parent=145"}],"curies":[{"name":"wp","href":"https:\/\/api.w.org\/{rel}","templated":true}]}}