{"id":125,"date":"2025-12-12T14:45:24","date_gmt":"2025-12-12T14:45:24","guid":{"rendered":"https:\/\/maquinanp7a.newlong.com.br\/?page_id=125"},"modified":"2025-12-12T14:45:26","modified_gmt":"2025-12-12T14:45:26","slug":"maquina-de-costurar-boca-de-saco","status":"publish","type":"page","link":"https:\/\/maquinadesacariasautomaticads9c.newlong.com.br\/index.php\/maquina-de-costurar-boca-de-saco\/","title":{"rendered":"M\u00e1quina de costurar boca de saco"},"content":{"rendered":"\n<p style=\"font-size:25px\">A NP-7A atua como <strong>M\u00e1quina de costurar boca de saco<\/strong> oferecendo fechamento firme e acabamento uniforme para diferentes tipos de embalagens. Projetada para uso intensivo, essa <strong>M\u00e1quina de costurar boca de saco<\/strong> mant\u00e9m estabilidade mesmo em longas jornadas de trabalho. A efici\u00eancia operacional torna a <strong>M\u00e1quina de costurar boca de saco<\/strong> indicada para ind\u00fastrias que necessitam de selagem confi\u00e1vel.<\/p>\n\n\n\n<p style=\"font-size:25px\">Al\u00e9m dessa fun\u00e7\u00e3o, a NP-7A \u00e9 amplamente utilizada como <strong>M\u00e1quina de costurar saco<\/strong>, garantindo seguran\u00e7a no fechamento de embalagens destinadas ao transporte e armazenamento. A constru\u00e7\u00e3o resistente da <strong>M\u00e1quina de costurar saco<\/strong> aumenta sua durabilidade e reduz custos com manuten\u00e7\u00e3o. Sua portabilidade facilita o uso em diferentes ambientes industriais, tornando a <strong>M\u00e1quina de costurar saco<\/strong> uma ferramenta pr\u00e1tica e funcional.<\/p>\n\n\n\n<p style=\"font-size:25px\">A NP-7A tamb\u00e9m se destaca como <strong>M\u00e1quina de costura para sacaria<\/strong>, oferecendo costura firme em materiais variados, como r\u00e1fia, papel e polipropileno. Essa <strong>M\u00e1quina de costura para sacaria<\/strong> permite operar com rapidez sem comprometer a qualidade final. Por manter um padr\u00e3o uniforme de costura, a <strong>M\u00e1quina de costura para sacaria<\/strong> \u00e9 uma solu\u00e7\u00e3o confi\u00e1vel para diferentes segmentos produtivos.<\/p>\n\n\n\n<figure class=\"wp-block-image size-large\"><img fetchpriority=\"high\" decoding=\"async\" width=\"1024\" height=\"691\" src=\"https:\/\/maquinanp7a.newlong.com.br\/wp-content\/uploads\/2025\/12\/27-1024x691.png\" alt=\"\" class=\"wp-image-77\" srcset=\"https:\/\/maquinadesacariasautomaticads9c.newlong.com.br\/wp-content\/uploads\/2025\/12\/27-1024x691.png 1024w, https:\/\/maquinadesacariasautomaticads9c.newlong.com.br\/wp-content\/uploads\/2025\/12\/27-300x203.png 300w, https:\/\/maquinadesacariasautomaticads9c.newlong.com.br\/wp-content\/uploads\/2025\/12\/27-768x518.png 768w, https:\/\/maquinadesacariasautomaticads9c.newlong.com.br\/wp-content\/uploads\/2025\/12\/27-1536x1037.png 1536w, https:\/\/maquinadesacariasautomaticads9c.newlong.com.br\/wp-content\/uploads\/2025\/12\/27.png 2000w\" sizes=\"(max-width: 1024px) 100vw, 1024px\" \/><\/figure>\n","protected":false},"excerpt":{"rendered":"<p>A NP-7A atua como M\u00e1quina de costurar boca de saco oferecendo fechamento firme e acabamento uniforme para diferentes tipos de embalagens. Projetada para uso intensivo, essa M\u00e1quina de costurar boca de saco mant\u00e9m estabilidade mesmo em longas jornadas de trabalho. A efici\u00eancia operacional torna a M\u00e1quina de costurar boca de saco indicada para ind\u00fastrias que [&hellip;]<\/p>\n","protected":false},"author":1,"featured_media":0,"parent":0,"menu_order":0,"comment_status":"closed","ping_status":"closed","template":"","meta":{"footnotes":""},"class_list":["post-125","page","type-page","status-publish","hentry"],"_links":{"self":[{"href":"https:\/\/maquinadesacariasautomaticads9c.newlong.com.br\/index.php\/wp-json\/wp\/v2\/pages\/125","targetHints":{"allow":["GET"]}}],"collection":[{"href":"https:\/\/maquinadesacariasautomaticads9c.newlong.com.br\/index.php\/wp-json\/wp\/v2\/pages"}],"about":[{"href":"https:\/\/maquinadesacariasautomaticads9c.newlong.com.br\/index.php\/wp-json\/wp\/v2\/types\/page"}],"author":[{"embeddable":true,"href":"https:\/\/maquinadesacariasautomaticads9c.newlong.com.br\/index.php\/wp-json\/wp\/v2\/users\/1"}],"replies":[{"embeddable":true,"href":"https:\/\/maquinadesacariasautomaticads9c.newlong.com.br\/index.php\/wp-json\/wp\/v2\/comments?post=125"}],"version-history":[{"count":1,"href":"https:\/\/maquinadesacariasautomaticads9c.newlong.com.br\/index.php\/wp-json\/wp\/v2\/pages\/125\/revisions"}],"predecessor-version":[{"id":126,"href":"https:\/\/maquinadesacariasautomaticads9c.newlong.com.br\/index.php\/wp-json\/wp\/v2\/pages\/125\/revisions\/126"}],"wp:attachment":[{"href":"https:\/\/maquinadesacariasautomaticads9c.newlong.com.br\/index.php\/wp-json\/wp\/v2\/media?parent=125"}],"curies":[{"name":"wp","href":"https:\/\/api.w.org\/{rel}","templated":true}]}}