{"id":123,"date":"2025-12-12T14:44:10","date_gmt":"2025-12-12T14:44:10","guid":{"rendered":"https:\/\/maquinanp7a.newlong.com.br\/?page_id=123"},"modified":"2025-12-12T14:44:12","modified_gmt":"2025-12-12T14:44:12","slug":"maquina-de-costura-para-sacaria","status":"publish","type":"page","link":"https:\/\/maquinadesacariasautomaticads9c.newlong.com.br\/index.php\/maquina-de-costura-para-sacaria\/","title":{"rendered":"M\u00e1quina de costura para sacaria"},"content":{"rendered":"\n<p style=\"font-size:25px\">A NP-7A \u00e9 uma <strong>M\u00e1quina de costura para sacaria<\/strong> projetada para proporcionar rapidez e qualidade no fechamento de embalagens. Gra\u00e7as ao seu formato port\u00e1til, essa <strong>M\u00e1quina de costura para sacaria<\/strong> facilita o trabalho em diferentes ambientes produtivos. A costura firme e consistente torna a <strong>M\u00e1quina de costura para sacaria<\/strong> adequada para produtos que precisam de estabilidade durante o transporte.<\/p>\n\n\n\n<p style=\"font-size:25px\">No uso industrial, a NP-7A tamb\u00e9m \u00e9 muito conhecida como <strong>M\u00e1quina de costurar saco<\/strong>, cumprindo com seguran\u00e7a o fechamento de sacos de diversos materiais. A resist\u00eancia da <strong>M\u00e1quina de costurar saco<\/strong> garante maior vida \u00fatil e menor necessidade de manuten\u00e7\u00e3o. A praticidade no manuseio faz com que a <strong>M\u00e1quina de costurar saco<\/strong> seja amplamente adotada em processos produtivos intensivos.<\/p>\n\n\n\n<p style=\"font-size:25px\">A NP-7A desempenha ainda o papel de <strong>M\u00e1quina de costurar boca de saco<\/strong>, ideal para embalar produtos granulados, agr\u00edcolas ou industriais. A opera\u00e7\u00e3o cont\u00ednua dessa <strong>M\u00e1quina de costurar boca de saco<\/strong> evita falhas e mant\u00e9m o padr\u00e3o de costura desejado. Isso torna a <strong>M\u00e1quina de costurar boca de saco<\/strong> uma solu\u00e7\u00e3o eficiente para rotinas que exigem agilidade e repetibilidade.<\/p>\n\n\n\n<figure class=\"wp-block-image size-large\"><img fetchpriority=\"high\" decoding=\"async\" width=\"819\" height=\"1024\" src=\"https:\/\/maquinanp7a.newlong.com.br\/wp-content\/uploads\/2025\/12\/8-819x1024.png\" alt=\"\" class=\"wp-image-32\" srcset=\"https:\/\/maquinadesacariasautomaticads9c.newlong.com.br\/wp-content\/uploads\/2025\/12\/8-819x1024.png 819w, https:\/\/maquinadesacariasautomaticads9c.newlong.com.br\/wp-content\/uploads\/2025\/12\/8-240x300.png 240w, https:\/\/maquinadesacariasautomaticads9c.newlong.com.br\/wp-content\/uploads\/2025\/12\/8-768x960.png 768w, https:\/\/maquinadesacariasautomaticads9c.newlong.com.br\/wp-content\/uploads\/2025\/12\/8.png 1080w\" sizes=\"(max-width: 819px) 100vw, 819px\" \/><\/figure>\n","protected":false},"excerpt":{"rendered":"<p>A NP-7A \u00e9 uma M\u00e1quina de costura para sacaria projetada para proporcionar rapidez e qualidade no fechamento de embalagens. Gra\u00e7as ao seu formato port\u00e1til, essa M\u00e1quina de costura para sacaria facilita o trabalho em diferentes ambientes produtivos. A costura firme e consistente torna a M\u00e1quina de costura para sacaria adequada para produtos que precisam de [&hellip;]<\/p>\n","protected":false},"author":1,"featured_media":0,"parent":0,"menu_order":0,"comment_status":"closed","ping_status":"closed","template":"","meta":{"footnotes":""},"class_list":["post-123","page","type-page","status-publish","hentry"],"_links":{"self":[{"href":"https:\/\/maquinadesacariasautomaticads9c.newlong.com.br\/index.php\/wp-json\/wp\/v2\/pages\/123","targetHints":{"allow":["GET"]}}],"collection":[{"href":"https:\/\/maquinadesacariasautomaticads9c.newlong.com.br\/index.php\/wp-json\/wp\/v2\/pages"}],"about":[{"href":"https:\/\/maquinadesacariasautomaticads9c.newlong.com.br\/index.php\/wp-json\/wp\/v2\/types\/page"}],"author":[{"embeddable":true,"href":"https:\/\/maquinadesacariasautomaticads9c.newlong.com.br\/index.php\/wp-json\/wp\/v2\/users\/1"}],"replies":[{"embeddable":true,"href":"https:\/\/maquinadesacariasautomaticads9c.newlong.com.br\/index.php\/wp-json\/wp\/v2\/comments?post=123"}],"version-history":[{"count":1,"href":"https:\/\/maquinadesacariasautomaticads9c.newlong.com.br\/index.php\/wp-json\/wp\/v2\/pages\/123\/revisions"}],"predecessor-version":[{"id":124,"href":"https:\/\/maquinadesacariasautomaticads9c.newlong.com.br\/index.php\/wp-json\/wp\/v2\/pages\/123\/revisions\/124"}],"wp:attachment":[{"href":"https:\/\/maquinadesacariasautomaticads9c.newlong.com.br\/index.php\/wp-json\/wp\/v2\/media?parent=123"}],"curies":[{"name":"wp","href":"https:\/\/api.w.org\/{rel}","templated":true}]}}